{"id":4693,"date":"2022-04-05T12:24:05","date_gmt":"2022-04-05T12:24:05","guid":{"rendered":"https:\/\/sonical.co\/?page_id=4693"},"modified":"2022-04-04T15:40:37","modified_gmt":"2022-04-04T15:40:37","slug":"perspectives","status":"publish","type":"page","link":"https:\/\/sonical.co\/fr\/perspectives\/","title":{"rendered":"Perspectives"},"content":{"rendered":"\t\t<div data-elementor-type=\"wp-page\" data-elementor-id=\"4693\" class=\"elementor elementor-4693 elementor-2028\" data-elementor-post-type=\"page\">\n\t\t\t\t\t\t<section class=\"elementor-section elementor-top-section elementor-element elementor-element-ff30f0e elementor-section-boxed elementor-section-height-default elementor-section-height-default\" data-id=\"ff30f0e\" data-element_type=\"section\" data-e-type=\"section\">\n\t\t\t\t\t\t<div class=\"elementor-container elementor-column-gap-default\">\n\t\t\t\t\t<div class=\"elementor-column elementor-col-100 elementor-top-column elementor-element elementor-element-12807a1\" data-id=\"12807a1\" data-element_type=\"column\" data-e-type=\"column\">\n\t\t\t<div class=\"elementor-widget-wrap elementor-element-populated\">\n\t\t\t\t\t\t<div class=\"elementor-element elementor-element-fc3c8cf elementor-widget elementor-widget-heading\" data-id=\"fc3c8cf\" data-element_type=\"widget\" data-e-type=\"widget\" data-widget_type=\"heading.default\">\n\t\t\t\t<div class=\"elementor-widget-container\">\n\t\t\t\t\t<h2 class=\"elementor-heading-title elementor-size-large\">Quoi de neuf chez Sonical<\/h2>\t\t\t\t<\/div>\n\t\t\t\t<\/div>\n\t\t\t\t<div class=\"elementor-element elementor-element-0db5ad3 custom-news elementor-grid-2 elementor-grid-tablet-1 elementor-posts--thumbnail-top elementor-grid-mobile-1 elementor-widget elementor-widget-posts\" data-id=\"0db5ad3\" data-element_type=\"widget\" data-e-type=\"widget\" data-settings=\"{&quot;custom_columns&quot;:&quot;2&quot;,&quot;custom_is_display_conditions&quot;:&quot;yes&quot;,&quot;custom_columns_tablet&quot;:&quot;1&quot;,&quot;custom_columns_mobile&quot;:&quot;1&quot;,&quot;custom_row_gap&quot;:{&quot;unit&quot;:&quot;px&quot;,&quot;size&quot;:35,&quot;sizes&quot;:[]},&quot;custom_row_gap_tablet&quot;:{&quot;unit&quot;:&quot;px&quot;,&quot;size&quot;:&quot;&quot;,&quot;sizes&quot;:[]},&quot;custom_row_gap_mobile&quot;:{&quot;unit&quot;:&quot;px&quot;,&quot;size&quot;:&quot;&quot;,&quot;sizes&quot;:[]}}\" data-widget_type=\"posts.custom\">\n\t\t\t\t<div class=\"elementor-widget-container\">\n\t\t\t\t\t      <div class=\"ecs-posts elementor-posts-container elementor-posts   elementor-grid elementor-posts--skin-custom\" data-settings=\"{&quot;current_page&quot;:1,&quot;max_num_pages&quot;:&quot;5&quot;,&quot;load_method&quot;:&quot;&quot;,&quot;widget_id&quot;:&quot;0db5ad3&quot;,&quot;post_id&quot;:4693,&quot;theme_id&quot;:4693,&quot;change_url&quot;:false,&quot;reinit_js&quot;:false}\">\n      \t\t<article id=\"post-30093\" class=\"elementor-post elementor-grid-item ecs-post-loop post-30093 post type-post status-publish format-standard has-post-thumbnail hentry category-uncategorized-fr-2\">\n\t\t<div class=\"ecs-link-wrapper\" data-href=\"https:\/\/sonical.co\/fr\/uncategorized-fr-2\/augmentation-du-prix-des-licences-microsoft-dynamics-365-business-central\/\"   ><\/div>\t\t<\/article>\n\t\t\t\t<article id=\"post-29750\" class=\"elementor-post elementor-grid-item ecs-post-loop post-29750 post type-post status-publish format-standard has-post-thumbnail hentry category-nous-sommes-sonical tag-nous-sommes-sonical\">\n\t\t<div class=\"ecs-link-wrapper\" data-href=\"https:\/\/sonical.co\/fr\/nous-sommes-sonical\/sonical-nominee-aux-trends-gazelles-2025\/\"   ><\/div>\t\t<\/article>\n\t\t\t\t<\/div>\n\t\t\t\t\t\t<\/div>\n\t\t\t\t<\/div>\n\t\t\t\t<div class=\"elementor-element elementor-element-18b099d elementor-align-center elementor-widget elementor-widget-button\" data-id=\"18b099d\" data-element_type=\"widget\" data-e-type=\"widget\" data-widget_type=\"button.default\">\n\t\t\t\t<div class=\"elementor-widget-container\">\n\t\t\t\t\t\t\t\t\t<div class=\"elementor-button-wrapper\">\n\t\t\t\t\t<a class=\"elementor-button elementor-button-link elementor-size-sm\" href=\"\/news\/\">\n\t\t\t\t\t\t<span class=\"elementor-button-content-wrapper\">\n\t\t\t\t\t\t\t\t\t<span class=\"elementor-button-text\">Voir nos actualit\u00e9s<\/span>\n\t\t\t\t\t<\/span>\n\t\t\t\t\t<\/a>\n\t\t\t\t<\/div>\n\t\t\t\t\t\t\t\t<\/div>\n\t\t\t\t<\/div>\n\t\t\t\t\t<\/div>\n\t\t<\/div>\n\t\t\t\t\t<\/div>\n\t\t<\/section>\n\t\t\t\t<section class=\"elementor-section elementor-top-section elementor-element elementor-element-d3b6c18 elementor-section-stretched elementor-section-boxed elementor-section-height-default elementor-section-height-default\" data-id=\"d3b6c18\" data-element_type=\"section\" data-e-type=\"section\" data-settings=\"{&quot;stretch_section&quot;:&quot;section-stretched&quot;,&quot;background_background&quot;:&quot;classic&quot;}\">\n\t\t\t\t\t\t<div class=\"elementor-container elementor-column-gap-extended\">\n\t\t\t\t\t<div class=\"elementor-column elementor-col-25 elementor-top-column elementor-element elementor-element-ade9d78 elementor-hidden-desktop elementor-hidden-tablet elementor-hidden-mobile\" data-id=\"ade9d78\" data-element_type=\"column\" data-e-type=\"column\" data-settings=\"{&quot;background_background&quot;:&quot;classic&quot;}\">\n\t\t\t<div class=\"elementor-widget-wrap elementor-element-populated\">\n\t\t\t\t\t\t<div class=\"elementor-element elementor-element-b7db539 elementor-widget elementor-widget-heading\" data-id=\"b7db539\" data-element_type=\"widget\" data-e-type=\"widget\" data-widget_type=\"heading.default\">\n\t\t\t\t<div class=\"elementor-widget-container\">\n\t\t\t\t\t<h3 class=\"elementor-heading-title elementor-size-default\">Whitepapers<\/h3>\t\t\t\t<\/div>\n\t\t\t\t<\/div>\n\t\t\t\t<div class=\"elementor-element elementor-element-50db6a9 elementor-widget elementor-widget-spacer\" data-id=\"50db6a9\" data-element_type=\"widget\" data-e-type=\"widget\" data-widget_type=\"spacer.default\">\n\t\t\t\t<div class=\"elementor-widget-container\">\n\t\t\t\t\t\t\t<div class=\"elementor-spacer\">\n\t\t\t<div class=\"elementor-spacer-inner\"><\/div>\n\t\t<\/div>\n\t\t\t\t\t\t<\/div>\n\t\t\t\t<\/div>\n\t\t\t\t<div class=\"elementor-element elementor-element-c80b5a5 elementor-align-center elementor-tablet-align-center elementor-widget elementor-widget-button\" data-id=\"c80b5a5\" data-element_type=\"widget\" data-e-type=\"widget\" data-widget_type=\"button.default\">\n\t\t\t\t<div class=\"elementor-widget-container\">\n\t\t\t\t\t\t\t\t\t<div class=\"elementor-button-wrapper\">\n\t\t\t\t\t<a class=\"elementor-button elementor-button-link elementor-size-sm\" href=\"\/whitepapers-2\/\">\n\t\t\t\t\t\t<span class=\"elementor-button-content-wrapper\">\n\t\t\t\t\t\t\t\t\t<span class=\"elementor-button-text\">Read<\/span>\n\t\t\t\t\t<\/span>\n\t\t\t\t\t<\/a>\n\t\t\t\t<\/div>\n\t\t\t\t\t\t\t\t<\/div>\n\t\t\t\t<\/div>\n\t\t\t\t\t<\/div>\n\t\t<\/div>\n\t\t\t\t<div class=\"elementor-column elementor-col-25 elementor-top-column elementor-element elementor-element-f784c0d elementor-hidden-desktop elementor-hidden-tablet elementor-hidden-mobile\" data-id=\"f784c0d\" data-element_type=\"column\" data-e-type=\"column\" data-settings=\"{&quot;background_background&quot;:&quot;classic&quot;}\">\n\t\t\t<div class=\"elementor-widget-wrap elementor-element-populated\">\n\t\t\t\t\t\t<div class=\"elementor-element elementor-element-9d76af4 elementor-widget elementor-widget-heading\" data-id=\"9d76af4\" data-element_type=\"widget\" data-e-type=\"widget\" data-widget_type=\"heading.default\">\n\t\t\t\t<div class=\"elementor-widget-container\">\n\t\t\t\t\t<h3 class=\"elementor-heading-title elementor-size-default\">Events<\/h3>\t\t\t\t<\/div>\n\t\t\t\t<\/div>\n\t\t\t\t<div class=\"elementor-element elementor-element-615b681 elementor-widget elementor-widget-spacer\" data-id=\"615b681\" data-element_type=\"widget\" data-e-type=\"widget\" data-widget_type=\"spacer.default\">\n\t\t\t\t<div class=\"elementor-widget-container\">\n\t\t\t\t\t\t\t<div class=\"elementor-spacer\">\n\t\t\t<div class=\"elementor-spacer-inner\"><\/div>\n\t\t<\/div>\n\t\t\t\t\t\t<\/div>\n\t\t\t\t<\/div>\n\t\t\t\t<div class=\"elementor-element elementor-element-208e9bb elementor-align-center elementor-tablet-align-center elementor-widget elementor-widget-button\" data-id=\"208e9bb\" data-element_type=\"widget\" data-e-type=\"widget\" data-widget_type=\"button.default\">\n\t\t\t\t<div class=\"elementor-widget-container\">\n\t\t\t\t\t\t\t\t\t<div class=\"elementor-button-wrapper\">\n\t\t\t\t\t<a class=\"elementor-button elementor-button-link elementor-size-sm\" href=\"\/events\/\">\n\t\t\t\t\t\t<span class=\"elementor-button-content-wrapper\">\n\t\t\t\t\t\t\t\t\t<span class=\"elementor-button-text\">Participate<\/span>\n\t\t\t\t\t<\/span>\n\t\t\t\t\t<\/a>\n\t\t\t\t<\/div>\n\t\t\t\t\t\t\t\t<\/div>\n\t\t\t\t<\/div>\n\t\t\t\t\t<\/div>\n\t\t<\/div>\n\t\t\t\t<div class=\"elementor-column elementor-col-25 elementor-top-column elementor-element elementor-element-dc60433 elementor-hidden-desktop elementor-hidden-tablet elementor-hidden-mobile\" data-id=\"dc60433\" data-element_type=\"column\" data-e-type=\"column\" data-settings=\"{&quot;background_background&quot;:&quot;classic&quot;}\">\n\t\t\t<div class=\"elementor-widget-wrap elementor-element-populated\">\n\t\t\t\t\t\t<div class=\"elementor-element elementor-element-abc52ca elementor-widget elementor-widget-heading\" data-id=\"abc52ca\" data-element_type=\"widget\" data-e-type=\"widget\" data-widget_type=\"heading.default\">\n\t\t\t\t<div class=\"elementor-widget-container\">\n\t\t\t\t\t<h3 class=\"elementor-heading-title elementor-size-default\">Vlogs<\/h3>\t\t\t\t<\/div>\n\t\t\t\t<\/div>\n\t\t\t\t<div class=\"elementor-element elementor-element-2ad8b0b elementor-widget elementor-widget-spacer\" data-id=\"2ad8b0b\" data-element_type=\"widget\" data-e-type=\"widget\" data-widget_type=\"spacer.default\">\n\t\t\t\t<div class=\"elementor-widget-container\">\n\t\t\t\t\t\t\t<div class=\"elementor-spacer\">\n\t\t\t<div class=\"elementor-spacer-inner\"><\/div>\n\t\t<\/div>\n\t\t\t\t\t\t<\/div>\n\t\t\t\t<\/div>\n\t\t\t\t<div class=\"elementor-element elementor-element-8189c00 elementor-align-center elementor-tablet-align-center elementor-widget elementor-widget-button\" data-id=\"8189c00\" data-element_type=\"widget\" data-e-type=\"widget\" data-widget_type=\"button.default\">\n\t\t\t\t<div class=\"elementor-widget-container\">\n\t\t\t\t\t\t\t\t\t<div class=\"elementor-button-wrapper\">\n\t\t\t\t\t<a class=\"elementor-button elementor-button-link elementor-size-sm\" href=\"\/vlogs\/\">\n\t\t\t\t\t\t<span class=\"elementor-button-content-wrapper\">\n\t\t\t\t\t\t\t\t\t<span class=\"elementor-button-text\">Watch<\/span>\n\t\t\t\t\t<\/span>\n\t\t\t\t\t<\/a>\n\t\t\t\t<\/div>\n\t\t\t\t\t\t\t\t<\/div>\n\t\t\t\t<\/div>\n\t\t\t\t\t<\/div>\n\t\t<\/div>\n\t\t\t\t<div class=\"elementor-column elementor-col-25 elementor-top-column elementor-element elementor-element-759129b\" data-id=\"759129b\" data-element_type=\"column\" data-e-type=\"column\" data-settings=\"{&quot;background_background&quot;:&quot;classic&quot;}\">\n\t\t\t<div class=\"elementor-widget-wrap elementor-element-populated\">\n\t\t\t\t\t\t<div class=\"elementor-element elementor-element-060a0de elementor-widget elementor-widget-heading\" data-id=\"060a0de\" data-element_type=\"widget\" data-e-type=\"widget\" data-widget_type=\"heading.default\">\n\t\t\t\t<div class=\"elementor-widget-container\">\n\t\t\t\t\t<h3 class=\"elementor-heading-title elementor-size-default\">Webinars<\/h3>\t\t\t\t<\/div>\n\t\t\t\t<\/div>\n\t\t\t\t<div class=\"elementor-element elementor-element-b1a1ab8 elementor-widget elementor-widget-spacer\" data-id=\"b1a1ab8\" data-element_type=\"widget\" data-e-type=\"widget\" data-widget_type=\"spacer.default\">\n\t\t\t\t<div class=\"elementor-widget-container\">\n\t\t\t\t\t\t\t<div class=\"elementor-spacer\">\n\t\t\t<div class=\"elementor-spacer-inner\"><\/div>\n\t\t<\/div>\n\t\t\t\t\t\t<\/div>\n\t\t\t\t<\/div>\n\t\t\t\t<div class=\"elementor-element elementor-element-d7ef46c elementor-align-center elementor-tablet-align-center elementor-widget elementor-widget-button\" data-id=\"d7ef46c\" data-element_type=\"widget\" data-e-type=\"widget\" data-widget_type=\"button.default\">\n\t\t\t\t<div class=\"elementor-widget-container\">\n\t\t\t\t\t\t\t\t\t<div class=\"elementor-button-wrapper\">\n\t\t\t\t\t<a class=\"elementor-button elementor-button-link elementor-size-sm\" href=\"https:\/\/sonical.co\/webinar\/\">\n\t\t\t\t\t\t<span class=\"elementor-button-content-wrapper\">\n\t\t\t\t\t\t\t\t\t<span class=\"elementor-button-text\">Regardez<\/span>\n\t\t\t\t\t<\/span>\n\t\t\t\t\t<\/a>\n\t\t\t\t<\/div>\n\t\t\t\t\t\t\t\t<\/div>\n\t\t\t\t<\/div>\n\t\t\t\t\t<\/div>\n\t\t<\/div>\n\t\t\t\t\t<\/div>\n\t\t<\/section>\n\t\t\t\t<\/div>\n\t\t","protected":false},"excerpt":{"rendered":"<p>Quoi de neuf chez Sonical Voir nos actualit\u00e9s Whitepapers Read Events Participate Vlogs Watch Webinars Regardez<\/p>\n","protected":false},"author":3,"featured_media":3250,"parent":0,"menu_order":0,"comment_status":"closed","ping_status":"closed","template":"elementor_header_footer","meta":{"_acf_changed":false,"footnotes":""},"class_list":["post-4693","page","type-page","status-publish","has-post-thumbnail","hentry"],"acf":[],"yoast_head":"<!-- This site is optimized with the Yoast SEO Premium plugin v26.5 (Yoast SEO v27.4) - https:\/\/yoast.com\/product\/yoast-seo-premium-wordpress\/ -->\n<title>Perspectives - Sonical<\/title>\n<meta name=\"description\" content=\"Jetez un \u0153il aux webinaires et aux \u00e9v\u00e9nements que nous organisons. Vous pouvez \u00e9galement regarder des vlogs ou lire des livres blancs que nous avons cr\u00e9\u00e9s pour nos clients afin de vous inspirer.\" \/>\n<meta name=\"robots\" content=\"index, follow, max-snippet:-1, max-image-preview:large, max-video-preview:-1\" \/>\n<link rel=\"canonical\" href=\"https:\/\/sonical.co\/fr\/perspectives\/\" \/>\n<meta property=\"og:locale\" content=\"fr_FR\" \/>\n<meta property=\"og:type\" content=\"article\" \/>\n<meta property=\"og:title\" content=\"Perspectives\" \/>\n<meta property=\"og:description\" content=\"Jetez un \u0153il aux webinaires et aux \u00e9v\u00e9nements que nous organisons. Vous pouvez \u00e9galement regarder des vlogs ou lire des livres blancs que nous avons cr\u00e9\u00e9s pour nos clients afin de vous inspirer.\" \/>\n<meta property=\"og:url\" content=\"https:\/\/sonical.co\/fr\/perspectives\/\" \/>\n<meta property=\"og:site_name\" content=\"Sonical\" \/>\n<meta property=\"og:image\" content=\"https:\/\/i0.wp.com\/sonical.co\/wp-content\/uploads\/2021\/12\/Sonical-digital-experts-united-sonic-wave.jpg?fit=1920%2C1080&quality=89&ssl=1\" \/>\n\t<meta property=\"og:image:width\" content=\"1920\" \/>\n\t<meta property=\"og:image:height\" content=\"1080\" \/>\n\t<meta property=\"og:image:type\" content=\"image\/jpeg\" \/>\n<meta name=\"twitter:card\" content=\"summary_large_image\" \/>\n<meta name=\"twitter:label1\" content=\"Dur\u00e9e de lecture estim\u00e9e\" \/>\n\t<meta name=\"twitter:data1\" content=\"1 minute\" \/>\n<script type=\"application\/ld+json\" class=\"yoast-schema-graph\">{\"@context\":\"https:\\\/\\\/schema.org\",\"@graph\":[{\"@type\":\"WebPage\",\"@id\":\"https:\\\/\\\/sonical.co\\\/fr\\\/perspectives\\\/\",\"url\":\"https:\\\/\\\/sonical.co\\\/fr\\\/perspectives\\\/\",\"name\":\"Perspectives - Sonical\",\"isPartOf\":{\"@id\":\"https:\\\/\\\/sonical.co\\\/#website\"},\"primaryImageOfPage\":{\"@id\":\"https:\\\/\\\/sonical.co\\\/fr\\\/perspectives\\\/#primaryimage\"},\"image\":{\"@id\":\"https:\\\/\\\/sonical.co\\\/fr\\\/perspectives\\\/#primaryimage\"},\"thumbnailUrl\":\"https:\\\/\\\/i0.wp.com\\\/sonical.co\\\/wp-content\\\/uploads\\\/2021\\\/12\\\/Sonical-digital-experts-united-sonic-wave.jpg?fit=1920%2C1080&quality=89&ssl=1\",\"datePublished\":\"2022-04-05T12:24:05+00:00\",\"description\":\"Jetez un \u0153il aux webinaires et aux \u00e9v\u00e9nements que nous organisons. Vous pouvez \u00e9galement regarder des vlogs ou lire des livres blancs que nous avons cr\u00e9\u00e9s pour nos clients afin de vous inspirer.\",\"breadcrumb\":{\"@id\":\"https:\\\/\\\/sonical.co\\\/fr\\\/perspectives\\\/#breadcrumb\"},\"inLanguage\":\"fr-FR\",\"potentialAction\":[{\"@type\":\"ReadAction\",\"target\":[\"https:\\\/\\\/sonical.co\\\/fr\\\/perspectives\\\/\"]}]},{\"@type\":\"ImageObject\",\"inLanguage\":\"fr-FR\",\"@id\":\"https:\\\/\\\/sonical.co\\\/fr\\\/perspectives\\\/#primaryimage\",\"url\":\"https:\\\/\\\/i0.wp.com\\\/sonical.co\\\/wp-content\\\/uploads\\\/2021\\\/12\\\/Sonical-digital-experts-united-sonic-wave.jpg?fit=1920%2C1080&quality=89&ssl=1\",\"contentUrl\":\"https:\\\/\\\/i0.wp.com\\\/sonical.co\\\/wp-content\\\/uploads\\\/2021\\\/12\\\/Sonical-digital-experts-united-sonic-wave.jpg?fit=1920%2C1080&quality=89&ssl=1\",\"width\":1920,\"height\":1080,\"caption\":\"insights\"},{\"@type\":\"BreadcrumbList\",\"@id\":\"https:\\\/\\\/sonical.co\\\/fr\\\/perspectives\\\/#breadcrumb\",\"itemListElement\":[{\"@type\":\"ListItem\",\"position\":1,\"name\":\"Home\",\"item\":\"https:\\\/\\\/sonical.co\\\/fr\\\/\"},{\"@type\":\"ListItem\",\"position\":2,\"name\":\"Perspectives\"}]},{\"@type\":\"WebSite\",\"@id\":\"https:\\\/\\\/sonical.co\\\/#website\",\"url\":\"https:\\\/\\\/sonical.co\\\/\",\"name\":\"Sonical\",\"description\":\"Digital Experts United\",\"publisher\":{\"@id\":\"https:\\\/\\\/sonical.co\\\/#organization\"},\"potentialAction\":[{\"@type\":\"SearchAction\",\"target\":{\"@type\":\"EntryPoint\",\"urlTemplate\":\"https:\\\/\\\/sonical.co\\\/?s={search_term_string}\"},\"query-input\":{\"@type\":\"PropertyValueSpecification\",\"valueRequired\":true,\"valueName\":\"search_term_string\"}}],\"inLanguage\":\"fr-FR\"},{\"@type\":\"Organization\",\"@id\":\"https:\\\/\\\/sonical.co\\\/#organization\",\"name\":\"Sonical\",\"url\":\"https:\\\/\\\/sonical.co\\\/\",\"logo\":{\"@type\":\"ImageObject\",\"inLanguage\":\"fr-FR\",\"@id\":\"https:\\\/\\\/sonical.co\\\/#\\\/schema\\\/logo\\\/image\\\/\",\"url\":\"https:\\\/\\\/i0.wp.com\\\/sonical.co\\\/wp-content\\\/uploads\\\/2021\\\/11\\\/sonical-logo-png-MAIN-COMPACT-RGB-162x39-1.png?fit=162%2C39&quality=80&ssl=1\",\"contentUrl\":\"https:\\\/\\\/i0.wp.com\\\/sonical.co\\\/wp-content\\\/uploads\\\/2021\\\/11\\\/sonical-logo-png-MAIN-COMPACT-RGB-162x39-1.png?fit=162%2C39&quality=80&ssl=1\",\"width\":162,\"height\":39,\"caption\":\"Sonical\"},\"image\":{\"@id\":\"https:\\\/\\\/sonical.co\\\/#\\\/schema\\\/logo\\\/image\\\/\"}}]}<\/script>\n<!-- \/ Yoast SEO Premium plugin. -->","yoast_head_json":{"title":"Perspectives - Sonical","description":"Jetez un \u0153il aux webinaires et aux \u00e9v\u00e9nements que nous organisons. Vous pouvez \u00e9galement regarder des vlogs ou lire des livres blancs que nous avons cr\u00e9\u00e9s pour nos clients afin de vous inspirer.","robots":{"index":"index","follow":"follow","max-snippet":"max-snippet:-1","max-image-preview":"max-image-preview:large","max-video-preview":"max-video-preview:-1"},"canonical":"https:\/\/sonical.co\/fr\/perspectives\/","og_locale":"fr_FR","og_type":"article","og_title":"Perspectives","og_description":"Jetez un \u0153il aux webinaires et aux \u00e9v\u00e9nements que nous organisons. Vous pouvez \u00e9galement regarder des vlogs ou lire des livres blancs que nous avons cr\u00e9\u00e9s pour nos clients afin de vous inspirer.","og_url":"https:\/\/sonical.co\/fr\/perspectives\/","og_site_name":"Sonical","og_image":[{"width":1920,"height":1080,"url":"https:\/\/i0.wp.com\/sonical.co\/wp-content\/uploads\/2021\/12\/Sonical-digital-experts-united-sonic-wave.jpg?fit=1920%2C1080&quality=89&ssl=1","type":"image\/jpeg"}],"twitter_card":"summary_large_image","twitter_misc":{"Dur\u00e9e de lecture estim\u00e9e":"1 minute"},"schema":{"@context":"https:\/\/schema.org","@graph":[{"@type":"WebPage","@id":"https:\/\/sonical.co\/fr\/perspectives\/","url":"https:\/\/sonical.co\/fr\/perspectives\/","name":"Perspectives - Sonical","isPartOf":{"@id":"https:\/\/sonical.co\/#website"},"primaryImageOfPage":{"@id":"https:\/\/sonical.co\/fr\/perspectives\/#primaryimage"},"image":{"@id":"https:\/\/sonical.co\/fr\/perspectives\/#primaryimage"},"thumbnailUrl":"https:\/\/i0.wp.com\/sonical.co\/wp-content\/uploads\/2021\/12\/Sonical-digital-experts-united-sonic-wave.jpg?fit=1920%2C1080&quality=89&ssl=1","datePublished":"2022-04-05T12:24:05+00:00","description":"Jetez un \u0153il aux webinaires et aux \u00e9v\u00e9nements que nous organisons. Vous pouvez \u00e9galement regarder des vlogs ou lire des livres blancs que nous avons cr\u00e9\u00e9s pour nos clients afin de vous inspirer.","breadcrumb":{"@id":"https:\/\/sonical.co\/fr\/perspectives\/#breadcrumb"},"inLanguage":"fr-FR","potentialAction":[{"@type":"ReadAction","target":["https:\/\/sonical.co\/fr\/perspectives\/"]}]},{"@type":"ImageObject","inLanguage":"fr-FR","@id":"https:\/\/sonical.co\/fr\/perspectives\/#primaryimage","url":"https:\/\/i0.wp.com\/sonical.co\/wp-content\/uploads\/2021\/12\/Sonical-digital-experts-united-sonic-wave.jpg?fit=1920%2C1080&quality=89&ssl=1","contentUrl":"https:\/\/i0.wp.com\/sonical.co\/wp-content\/uploads\/2021\/12\/Sonical-digital-experts-united-sonic-wave.jpg?fit=1920%2C1080&quality=89&ssl=1","width":1920,"height":1080,"caption":"insights"},{"@type":"BreadcrumbList","@id":"https:\/\/sonical.co\/fr\/perspectives\/#breadcrumb","itemListElement":[{"@type":"ListItem","position":1,"name":"Home","item":"https:\/\/sonical.co\/fr\/"},{"@type":"ListItem","position":2,"name":"Perspectives"}]},{"@type":"WebSite","@id":"https:\/\/sonical.co\/#website","url":"https:\/\/sonical.co\/","name":"Sonical","description":"Digital Experts United","publisher":{"@id":"https:\/\/sonical.co\/#organization"},"potentialAction":[{"@type":"SearchAction","target":{"@type":"EntryPoint","urlTemplate":"https:\/\/sonical.co\/?s={search_term_string}"},"query-input":{"@type":"PropertyValueSpecification","valueRequired":true,"valueName":"search_term_string"}}],"inLanguage":"fr-FR"},{"@type":"Organization","@id":"https:\/\/sonical.co\/#organization","name":"Sonical","url":"https:\/\/sonical.co\/","logo":{"@type":"ImageObject","inLanguage":"fr-FR","@id":"https:\/\/sonical.co\/#\/schema\/logo\/image\/","url":"https:\/\/i0.wp.com\/sonical.co\/wp-content\/uploads\/2021\/11\/sonical-logo-png-MAIN-COMPACT-RGB-162x39-1.png?fit=162%2C39&quality=80&ssl=1","contentUrl":"https:\/\/i0.wp.com\/sonical.co\/wp-content\/uploads\/2021\/11\/sonical-logo-png-MAIN-COMPACT-RGB-162x39-1.png?fit=162%2C39&quality=80&ssl=1","width":162,"height":39,"caption":"Sonical"},"image":{"@id":"https:\/\/sonical.co\/#\/schema\/logo\/image\/"}}]}},"jetpack_sharing_enabled":true,"_links":{"self":[{"href":"https:\/\/sonical.co\/fr\/wp-json\/wp\/v2\/pages\/4693","targetHints":{"allow":["GET"]}}],"collection":[{"href":"https:\/\/sonical.co\/fr\/wp-json\/wp\/v2\/pages"}],"about":[{"href":"https:\/\/sonical.co\/fr\/wp-json\/wp\/v2\/types\/page"}],"author":[{"embeddable":true,"href":"https:\/\/sonical.co\/fr\/wp-json\/wp\/v2\/users\/3"}],"replies":[{"embeddable":true,"href":"https:\/\/sonical.co\/fr\/wp-json\/wp\/v2\/comments?post=4693"}],"version-history":[{"count":0,"href":"https:\/\/sonical.co\/fr\/wp-json\/wp\/v2\/pages\/4693\/revisions"}],"wp:featuredmedia":[{"embeddable":true,"href":"https:\/\/sonical.co\/fr\/wp-json\/wp\/v2\/media\/3250"}],"wp:attachment":[{"href":"https:\/\/sonical.co\/fr\/wp-json\/wp\/v2\/media?parent=4693"}],"curies":[{"name":"wp","href":"https:\/\/api.w.org\/{rel}","templated":true}]}}