{"id":3522,"date":"2021-11-17T14:28:30","date_gmt":"2021-11-17T13:28:30","guid":{"rendered":"https:\/\/sonical.co\/?page_id=3522"},"modified":"2022-04-04T14:49:31","modified_gmt":"2022-04-04T14:49:31","slug":"politique-en-matiere-de-cookies","status":"publish","type":"page","link":"https:\/\/sonical.co\/fr\/politique-en-matiere-de-cookies\/","title":{"rendered":"Politique en mati\u00e8re de cookies"},"content":{"rendered":"\t\t<div data-elementor-type=\"wp-page\" data-elementor-id=\"3522\" class=\"elementor elementor-3522 elementor-1189\" data-elementor-post-type=\"page\">\n\t\t\t\t\t\t<section class=\"elementor-section elementor-top-section elementor-element elementor-element-af6b85c elementor-section-boxed elementor-section-height-default elementor-section-height-default\" data-id=\"af6b85c\" data-element_type=\"section\" data-e-type=\"section\">\n\t\t\t\t\t\t<div class=\"elementor-container elementor-column-gap-default\">\n\t\t\t\t\t<div class=\"elementor-column elementor-col-100 elementor-top-column elementor-element elementor-element-3be03a7\" data-id=\"3be03a7\" data-element_type=\"column\" data-e-type=\"column\">\n\t\t\t<div class=\"elementor-widget-wrap elementor-element-populated\">\n\t\t\t\t\t\t<div class=\"elementor-element elementor-element-594fc89 elementor-widget elementor-widget-spacer\" data-id=\"594fc89\" data-element_type=\"widget\" data-e-type=\"widget\" data-widget_type=\"spacer.default\">\n\t\t\t\t<div class=\"elementor-widget-container\">\n\t\t\t\t\t\t\t<div class=\"elementor-spacer\">\n\t\t\t<div class=\"elementor-spacer-inner\"><\/div>\n\t\t<\/div>\n\t\t\t\t\t\t<\/div>\n\t\t\t\t<\/div>\n\t\t\t\t<div class=\"elementor-element elementor-element-e594fee elementor-widget elementor-widget-text-editor\" data-id=\"e594fee\" data-element_type=\"widget\" data-e-type=\"widget\" data-widget_type=\"text-editor.default\">\n\t\t\t\t<div class=\"elementor-widget-container\">\n\t\t\t\t\t\t\t\t\t<p>Sonical BV utilise des cookies sur son site web. Nous les utilisons pour am\u00e9liorer la convivialit\u00e9 de vos visites sur notre site web et pour garantir votre confidentialit\u00e9. Sur cette page, vous trouverez des informations sur notre politique en mati\u00e8re de cookies.<\/p><p><br><\/p><p><b>Que sont les cookies ?<\/b><\/p><p>Un cookie est un petit fichier texte qui est stock\u00e9 sur vos ordinateurs ou votre appareil mobile lorsque vous visitez notre site web.<\/p><p><br><\/p><p><b>Quels sont les cookies que nous utilisons ?<\/b><\/p><p>Ci-dessous, vous pouvez en savoir plus sur les cookies utilis\u00e9s par notre site web et leur objectif.<\/p><p><br><\/p><p><b>Cookies fonctionnels<\/b><\/p><p>Les cookies fonctionnels permettent \u00e0 notre site web de fonctionner correctement. Par exemple, nous les utilisons pour afficher certaines cat\u00e9gories \u00e0 un article de blog.<\/p><p><br><\/p><p><b>Cookies analytiques<\/b><\/p><p>Avec les cookies analytiques, nous collectons des statistiques aupr\u00e8s des utilisateurs de nos sites web. En mesurant l&rsquo;utilisation du site web, nous pouvons voir comment les visiteurs comme vous utilisent le site web et, sur la base de ces donn\u00e9es, nous pouvons am\u00e9liorer le site web.<\/p><p><br><\/p><p><b>Google Analytics<\/b><\/p><p>Pour suivre le nombre de visiteurs sur notre site web ;<\/p><p>Pour mesurer la dur\u00e9e de chaque visite sur notre site web ;<\/p><p>Pour suivre l&rsquo;ordre dans lequel un utilisateur visite les diff\u00e9rentes pages de notre site web ;<\/p><p>D\u00e9terminer quelles pages doivent \u00eatre am\u00e9lior\u00e9es ;<\/p><p>utiliser les donn\u00e9es collect\u00e9es pour d&rsquo;autres services Google (tels que Adwords) ;<\/p><p>optimiser notre site web en g\u00e9n\u00e9ral.<\/p><p>Pour plus d&rsquo;informations, consultez la modification du traitement des donn\u00e9es par Google.<\/p>\t\t\t\t\t\t\t\t<\/div>\n\t\t\t\t<\/div>\n\t\t\t\t<div class=\"elementor-element elementor-element-b007059 elementor-widget elementor-widget-spacer\" data-id=\"b007059\" data-element_type=\"widget\" data-e-type=\"widget\" data-widget_type=\"spacer.default\">\n\t\t\t\t<div class=\"elementor-widget-container\">\n\t\t\t\t\t\t\t<div class=\"elementor-spacer\">\n\t\t\t<div class=\"elementor-spacer-inner\"><\/div>\n\t\t<\/div>\n\t\t\t\t\t\t<\/div>\n\t\t\t\t<\/div>\n\t\t\t\t\t<\/div>\n\t\t<\/div>\n\t\t\t\t\t<\/div>\n\t\t<\/section>\n\t\t\t\t<\/div>\n\t\t","protected":false},"excerpt":{"rendered":"<p>Sonical BV utilise des cookies sur son site web. Nous les utilisons pour am\u00e9liorer la convivialit\u00e9 de vos visites sur notre site web et pour garantir votre confidentialit\u00e9. Sur cette page, vous trouverez des informations sur notre politique en mati\u00e8re de cookies. Que sont les cookies ? Un cookie est un petit fichier texte qui [&hellip;]<\/p>\n","protected":false},"author":3,"featured_media":2622,"parent":0,"menu_order":0,"comment_status":"closed","ping_status":"closed","template":"","meta":{"_acf_changed":false,"footnotes":""},"class_list":["post-3522","page","type-page","status-publish","has-post-thumbnail","hentry"],"acf":[],"yoast_head":"<!-- This site is optimized with the Yoast SEO Premium plugin v26.5 (Yoast SEO v27.4) - https:\/\/yoast.com\/product\/yoast-seo-premium-wordpress\/ -->\n<title>Politique en mati\u00e8re de cookies - Sonical<\/title>\n<meta name=\"description\" content=\"Nous utilisons des cookies sur notre site web pour am\u00e9liorer la convivialit\u00e9 de vos visites. Vous trouverez sur cette page des informations sur notre politique en mati\u00e8re de cookies.\u00a0\" \/>\n<meta name=\"robots\" content=\"index, follow, max-snippet:-1, max-image-preview:large, max-video-preview:-1\" \/>\n<link rel=\"canonical\" href=\"https:\/\/sonical.co\/fr\/politique-en-matiere-de-cookies\/\" \/>\n<meta property=\"og:locale\" content=\"fr_FR\" \/>\n<meta property=\"og:type\" content=\"article\" \/>\n<meta property=\"og:title\" content=\"Politique en mati\u00e8re de cookies\" \/>\n<meta property=\"og:description\" content=\"Nous utilisons des cookies sur notre site web pour am\u00e9liorer la convivialit\u00e9 de vos visites. Vous trouverez sur cette page des informations sur notre politique en mati\u00e8re de cookies.\u00a0\" \/>\n<meta property=\"og:url\" content=\"https:\/\/sonical.co\/fr\/politique-en-matiere-de-cookies\/\" \/>\n<meta property=\"og:site_name\" content=\"Sonical\" \/>\n<meta property=\"article:modified_time\" content=\"2022-04-04T14:49:31+00:00\" \/>\n<meta property=\"og:image\" content=\"https:\/\/i0.wp.com\/sonical.co\/wp-content\/uploads\/2021\/11\/Cookie-setting-and-privacy-Policy.png?fit=800%2C430&quality=80&ssl=1\" \/>\n\t<meta property=\"og:image:width\" content=\"800\" \/>\n\t<meta property=\"og:image:height\" content=\"430\" \/>\n\t<meta property=\"og:image:type\" content=\"image\/png\" \/>\n<meta name=\"twitter:card\" content=\"summary_large_image\" \/>\n<meta name=\"twitter:label1\" content=\"Dur\u00e9e de lecture estim\u00e9e\" \/>\n\t<meta name=\"twitter:data1\" content=\"2 minutes\" \/>\n<script type=\"application\/ld+json\" class=\"yoast-schema-graph\">{\"@context\":\"https:\\\/\\\/schema.org\",\"@graph\":[{\"@type\":\"WebPage\",\"@id\":\"https:\\\/\\\/sonical.co\\\/fr\\\/politique-en-matiere-de-cookies\\\/\",\"url\":\"https:\\\/\\\/sonical.co\\\/fr\\\/politique-en-matiere-de-cookies\\\/\",\"name\":\"Politique en mati\u00e8re de cookies - Sonical\",\"isPartOf\":{\"@id\":\"https:\\\/\\\/sonical.co\\\/#website\"},\"primaryImageOfPage\":{\"@id\":\"https:\\\/\\\/sonical.co\\\/fr\\\/politique-en-matiere-de-cookies\\\/#primaryimage\"},\"image\":{\"@id\":\"https:\\\/\\\/sonical.co\\\/fr\\\/politique-en-matiere-de-cookies\\\/#primaryimage\"},\"thumbnailUrl\":\"https:\\\/\\\/i0.wp.com\\\/sonical.co\\\/wp-content\\\/uploads\\\/2021\\\/11\\\/Cookie-setting-and-privacy-Policy.png?fit=800%2C430&quality=80&ssl=1\",\"datePublished\":\"2021-11-17T13:28:30+00:00\",\"dateModified\":\"2022-04-04T14:49:31+00:00\",\"description\":\"Nous utilisons des cookies sur notre site web pour am\u00e9liorer la convivialit\u00e9 de vos visites. Vous trouverez sur cette page des informations sur notre politique en mati\u00e8re de cookies.\u00a0\",\"breadcrumb\":{\"@id\":\"https:\\\/\\\/sonical.co\\\/fr\\\/politique-en-matiere-de-cookies\\\/#breadcrumb\"},\"inLanguage\":\"fr-FR\",\"potentialAction\":[{\"@type\":\"ReadAction\",\"target\":[\"https:\\\/\\\/sonical.co\\\/fr\\\/politique-en-matiere-de-cookies\\\/\"]}]},{\"@type\":\"ImageObject\",\"inLanguage\":\"fr-FR\",\"@id\":\"https:\\\/\\\/sonical.co\\\/fr\\\/politique-en-matiere-de-cookies\\\/#primaryimage\",\"url\":\"https:\\\/\\\/i0.wp.com\\\/sonical.co\\\/wp-content\\\/uploads\\\/2021\\\/11\\\/Cookie-setting-and-privacy-Policy.png?fit=800%2C430&quality=80&ssl=1\",\"contentUrl\":\"https:\\\/\\\/i0.wp.com\\\/sonical.co\\\/wp-content\\\/uploads\\\/2021\\\/11\\\/Cookie-setting-and-privacy-Policy.png?fit=800%2C430&quality=80&ssl=1\",\"width\":800,\"height\":430,\"caption\":\"Cookie setting and privacy Policy\"},{\"@type\":\"BreadcrumbList\",\"@id\":\"https:\\\/\\\/sonical.co\\\/fr\\\/politique-en-matiere-de-cookies\\\/#breadcrumb\",\"itemListElement\":[{\"@type\":\"ListItem\",\"position\":1,\"name\":\"Home\",\"item\":\"https:\\\/\\\/sonical.co\\\/fr\\\/\"},{\"@type\":\"ListItem\",\"position\":2,\"name\":\"Politique en mati\u00e8re de cookies\"}]},{\"@type\":\"WebSite\",\"@id\":\"https:\\\/\\\/sonical.co\\\/#website\",\"url\":\"https:\\\/\\\/sonical.co\\\/\",\"name\":\"Sonical\",\"description\":\"Digital Experts United\",\"publisher\":{\"@id\":\"https:\\\/\\\/sonical.co\\\/#organization\"},\"potentialAction\":[{\"@type\":\"SearchAction\",\"target\":{\"@type\":\"EntryPoint\",\"urlTemplate\":\"https:\\\/\\\/sonical.co\\\/?s={search_term_string}\"},\"query-input\":{\"@type\":\"PropertyValueSpecification\",\"valueRequired\":true,\"valueName\":\"search_term_string\"}}],\"inLanguage\":\"fr-FR\"},{\"@type\":\"Organization\",\"@id\":\"https:\\\/\\\/sonical.co\\\/#organization\",\"name\":\"Sonical\",\"url\":\"https:\\\/\\\/sonical.co\\\/\",\"logo\":{\"@type\":\"ImageObject\",\"inLanguage\":\"fr-FR\",\"@id\":\"https:\\\/\\\/sonical.co\\\/#\\\/schema\\\/logo\\\/image\\\/\",\"url\":\"https:\\\/\\\/i0.wp.com\\\/sonical.co\\\/wp-content\\\/uploads\\\/2021\\\/11\\\/sonical-logo-png-MAIN-COMPACT-RGB-162x39-1.png?fit=162%2C39&quality=80&ssl=1\",\"contentUrl\":\"https:\\\/\\\/i0.wp.com\\\/sonical.co\\\/wp-content\\\/uploads\\\/2021\\\/11\\\/sonical-logo-png-MAIN-COMPACT-RGB-162x39-1.png?fit=162%2C39&quality=80&ssl=1\",\"width\":162,\"height\":39,\"caption\":\"Sonical\"},\"image\":{\"@id\":\"https:\\\/\\\/sonical.co\\\/#\\\/schema\\\/logo\\\/image\\\/\"}}]}<\/script>\n<!-- \/ Yoast SEO Premium plugin. -->","yoast_head_json":{"title":"Politique en mati\u00e8re de cookies - Sonical","description":"Nous utilisons des cookies sur notre site web pour am\u00e9liorer la convivialit\u00e9 de vos visites. Vous trouverez sur cette page des informations sur notre politique en mati\u00e8re de cookies.\u00a0","robots":{"index":"index","follow":"follow","max-snippet":"max-snippet:-1","max-image-preview":"max-image-preview:large","max-video-preview":"max-video-preview:-1"},"canonical":"https:\/\/sonical.co\/fr\/politique-en-matiere-de-cookies\/","og_locale":"fr_FR","og_type":"article","og_title":"Politique en mati\u00e8re de cookies","og_description":"Nous utilisons des cookies sur notre site web pour am\u00e9liorer la convivialit\u00e9 de vos visites. Vous trouverez sur cette page des informations sur notre politique en mati\u00e8re de cookies.\u00a0","og_url":"https:\/\/sonical.co\/fr\/politique-en-matiere-de-cookies\/","og_site_name":"Sonical","article_modified_time":"2022-04-04T14:49:31+00:00","og_image":[{"width":800,"height":430,"url":"https:\/\/i0.wp.com\/sonical.co\/wp-content\/uploads\/2021\/11\/Cookie-setting-and-privacy-Policy.png?fit=800%2C430&quality=80&ssl=1","type":"image\/png"}],"twitter_card":"summary_large_image","twitter_misc":{"Dur\u00e9e de lecture estim\u00e9e":"2 minutes"},"schema":{"@context":"https:\/\/schema.org","@graph":[{"@type":"WebPage","@id":"https:\/\/sonical.co\/fr\/politique-en-matiere-de-cookies\/","url":"https:\/\/sonical.co\/fr\/politique-en-matiere-de-cookies\/","name":"Politique en mati\u00e8re de cookies - Sonical","isPartOf":{"@id":"https:\/\/sonical.co\/#website"},"primaryImageOfPage":{"@id":"https:\/\/sonical.co\/fr\/politique-en-matiere-de-cookies\/#primaryimage"},"image":{"@id":"https:\/\/sonical.co\/fr\/politique-en-matiere-de-cookies\/#primaryimage"},"thumbnailUrl":"https:\/\/i0.wp.com\/sonical.co\/wp-content\/uploads\/2021\/11\/Cookie-setting-and-privacy-Policy.png?fit=800%2C430&quality=80&ssl=1","datePublished":"2021-11-17T13:28:30+00:00","dateModified":"2022-04-04T14:49:31+00:00","description":"Nous utilisons des cookies sur notre site web pour am\u00e9liorer la convivialit\u00e9 de vos visites. Vous trouverez sur cette page des informations sur notre politique en mati\u00e8re de cookies.\u00a0","breadcrumb":{"@id":"https:\/\/sonical.co\/fr\/politique-en-matiere-de-cookies\/#breadcrumb"},"inLanguage":"fr-FR","potentialAction":[{"@type":"ReadAction","target":["https:\/\/sonical.co\/fr\/politique-en-matiere-de-cookies\/"]}]},{"@type":"ImageObject","inLanguage":"fr-FR","@id":"https:\/\/sonical.co\/fr\/politique-en-matiere-de-cookies\/#primaryimage","url":"https:\/\/i0.wp.com\/sonical.co\/wp-content\/uploads\/2021\/11\/Cookie-setting-and-privacy-Policy.png?fit=800%2C430&quality=80&ssl=1","contentUrl":"https:\/\/i0.wp.com\/sonical.co\/wp-content\/uploads\/2021\/11\/Cookie-setting-and-privacy-Policy.png?fit=800%2C430&quality=80&ssl=1","width":800,"height":430,"caption":"Cookie setting and privacy Policy"},{"@type":"BreadcrumbList","@id":"https:\/\/sonical.co\/fr\/politique-en-matiere-de-cookies\/#breadcrumb","itemListElement":[{"@type":"ListItem","position":1,"name":"Home","item":"https:\/\/sonical.co\/fr\/"},{"@type":"ListItem","position":2,"name":"Politique en mati\u00e8re de cookies"}]},{"@type":"WebSite","@id":"https:\/\/sonical.co\/#website","url":"https:\/\/sonical.co\/","name":"Sonical","description":"Digital Experts United","publisher":{"@id":"https:\/\/sonical.co\/#organization"},"potentialAction":[{"@type":"SearchAction","target":{"@type":"EntryPoint","urlTemplate":"https:\/\/sonical.co\/?s={search_term_string}"},"query-input":{"@type":"PropertyValueSpecification","valueRequired":true,"valueName":"search_term_string"}}],"inLanguage":"fr-FR"},{"@type":"Organization","@id":"https:\/\/sonical.co\/#organization","name":"Sonical","url":"https:\/\/sonical.co\/","logo":{"@type":"ImageObject","inLanguage":"fr-FR","@id":"https:\/\/sonical.co\/#\/schema\/logo\/image\/","url":"https:\/\/i0.wp.com\/sonical.co\/wp-content\/uploads\/2021\/11\/sonical-logo-png-MAIN-COMPACT-RGB-162x39-1.png?fit=162%2C39&quality=80&ssl=1","contentUrl":"https:\/\/i0.wp.com\/sonical.co\/wp-content\/uploads\/2021\/11\/sonical-logo-png-MAIN-COMPACT-RGB-162x39-1.png?fit=162%2C39&quality=80&ssl=1","width":162,"height":39,"caption":"Sonical"},"image":{"@id":"https:\/\/sonical.co\/#\/schema\/logo\/image\/"}}]}},"jetpack_sharing_enabled":true,"_links":{"self":[{"href":"https:\/\/sonical.co\/fr\/wp-json\/wp\/v2\/pages\/3522","targetHints":{"allow":["GET"]}}],"collection":[{"href":"https:\/\/sonical.co\/fr\/wp-json\/wp\/v2\/pages"}],"about":[{"href":"https:\/\/sonical.co\/fr\/wp-json\/wp\/v2\/types\/page"}],"author":[{"embeddable":true,"href":"https:\/\/sonical.co\/fr\/wp-json\/wp\/v2\/users\/3"}],"replies":[{"embeddable":true,"href":"https:\/\/sonical.co\/fr\/wp-json\/wp\/v2\/comments?post=3522"}],"version-history":[{"count":0,"href":"https:\/\/sonical.co\/fr\/wp-json\/wp\/v2\/pages\/3522\/revisions"}],"wp:featuredmedia":[{"embeddable":true,"href":"https:\/\/sonical.co\/fr\/wp-json\/wp\/v2\/media\/2622"}],"wp:attachment":[{"href":"https:\/\/sonical.co\/fr\/wp-json\/wp\/v2\/media?parent=3522"}],"curies":[{"name":"wp","href":"https:\/\/api.w.org\/{rel}","templated":true}]}}